{"id":436,"date":"2023-01-08T18:55:42","date_gmt":"2023-01-08T17:55:42","guid":{"rendered":"https:\/\/sophrosoft.fr\/?page_id=436"},"modified":"2023-01-24T20:40:08","modified_gmt":"2023-01-24T19:40:08","slug":"temoignages","status":"publish","type":"page","link":"https:\/\/sophrosoft.fr\/index.php\/temoignages\/","title":{"rendered":"T\u00e9moignages"},"content":{"rendered":"<div data-colibri-id=\"436-c1\" class=\"style-331 style-local-436-c1 position-relative\">\n  <!---->\n  <div data-colibri-component=\"section\" data-colibri-id=\"436-c2\" id=\"testimonials\" class=\"h-section h-section-global-spacing d-flex align-items-lg-center align-items-md-center align-items-center style-332 style-local-436-c2 position-relative\">\n    <!---->\n    <!---->\n    <div class=\"h-section-grid-container h-section-boxed-container\">\n      <div data-colibri-id=\"436-c24\" class=\"h-row-container gutters-row-lg-2 gutters-row-md-2 gutters-row-0 gutters-row-v-lg-2 gutters-row-v-md-2 gutters-row-v-2 style-340 style-local-436-c24 position-relative\">\n        <!---->\n        <div class=\"h-row justify-content-lg-center justify-content-md-center justify-content-center align-items-lg-stretch align-items-md-stretch align-items-stretch gutters-col-lg-2 gutters-col-md-2 gutters-col-0 gutters-col-v-lg-2 gutters-col-v-md-2 gutters-col-v-2\">\n          <!---->\n          <div class=\"h-column h-column-container d-flex h-col-lg-auto h-col-md-auto h-col-auto style-341-outer style-local-436-c25-outer\">\n            <div data-colibri-id=\"436-c25\" class=\"d-flex h-flex-basis h-column__inner h-px-lg-2 h-px-md-2 h-px-2 v-inner-lg-2 v-inner-md-2 v-inner-2 style-341 style-local-436-c25 position-relative\">\n              <!---->\n              <!---->\n              <div class=\"w-100 h-y-container h-column__content h-column__v-align flex-basis-100 align-self-lg-start align-self-md-start align-self-start\">\n                <!---->\n                <div data-colibri-id=\"436-c26\" class=\"h-global-transition-all h-heading style-342 style-local-436-c26 position-relative h-element\">\n                  <!---->\n                  <div class=\"h-heading__outer style-342 style-local-436-c26\">\n                    <!---->\n                    <!---->\n                    <h2 class=\"\">Quelques t\u00e9moignages&#8230;<\/h2>\n                  <\/div>\n                <\/div>\n              <\/div>\n            <\/div>\n          <\/div>\n        <\/div>\n      <\/div>\n      <div data-colibri-id=\"436-c3\" class=\"h-row-container gutters-row-lg-2 gutters-row-md-2 gutters-row-0 gutters-row-v-lg-2 gutters-row-v-md-2 gutters-row-v-2 style-333 style-local-436-c3 position-relative\">\n        <!---->\n        <div class=\"h-row justify-content-lg-center justify-content-md-center justify-content-center align-items-lg-stretch align-items-md-stretch align-items-stretch gutters-col-lg-2 gutters-col-md-2 gutters-col-0 gutters-col-v-lg-2 gutters-col-v-md-2 gutters-col-v-2\">\n          <!---->\n          <div class=\"h-column h-column-container d-flex h-col-lg-3 h-col-md-6 h-col-12 style-334-outer style-local-436-c4-outer\">\n            <div data-colibri-id=\"436-c4\" class=\"d-flex h-flex-basis h-column__inner h-px-lg-3 h-px-md-3 h-px-3 v-inner-lg-3 v-inner-md-3 v-inner-3 style-334 style-local-436-c4 position-relative\">\n              <!---->\n              <!---->\n              <div class=\"w-100 h-y-container h-column__content h-column__v-align flex-basis-100 align-self-lg-start align-self-md-start align-self-start\">\n                <!---->\n                <div data-colibri-id=\"436-c5\" class=\"h-icon style-335 style-local-436-c5 position-relative h-element\">\n                  <!----><span class=\"h-svg-icon h-icon__icon style-335-icon style-local-436-c5-icon\"><!--Icon by Font Awesome (https:\/\/fontawesome.com)-->\n    <svg version=\"1.1\" xmlns=\"http:\/\/www.w3.org\/2000\/svg\" xmlns:xlink=\"http:\/\/www.w3.org\/1999\/xlink\" id=\"quote-right\" viewBox=\"0 0 1664 1896.0833\">\n      <path d=\"M768 320v704q0 104-40.5 198.5T618 1386t-163.5 109.5T256 1536h-64q-26 0-45-19t-19-45v-128q0-26 19-45t45-19h64q106 0 181-75t75-181v-32q0-40-28-68t-68-28H192q-80 0-136-56T0 704V320q0-80 56-136t136-56h384q80 0 136 56t56 136zm896 0v704q0 104-40.5 198.5T1514 1386t-163.5 109.5T1152 1536h-64q-26 0-45-19t-19-45v-128q0-26 19-45t45-19h64q106 0 181-75t75-181v-32q0-40-28-68t-68-28h-224q-80 0-136-56t-56-136V320q0-80 56-136t136-56h384q80 0 136 56t56 136z\"><\/path>\n    <\/svg><\/span><\/div>\n                <div data-colibri-id=\"436-c6\" class=\"h-text h-text-component style-336 style-local-436-c6 position-relative h-element\">\n                  <!---->\n                  <!---->\n                  <div class=\"\">\n                    <p>La sophrologie m&rsquo;a apport\u00e9 beaucoup de s\u00e9r\u00e9nit\u00e9, de d\u00e9tente (&#8230;). En s&rsquo;entrainant r\u00e9guli\u00e8rement, la sophrologie apporte beaucoup de bien-\u00eatre !<\/p>\n                  <\/div>\n                <\/div>\n                <div data-colibri-id=\"436-c7\" class=\"d-block style-337 style-local-436-c7 position-relative h-element\">\n                  <!---->\n                  <div class=\"h-image__frame-container-outer\">\n                    <div class=\"h-image__frame-container\">\n                      <!---->\n                      <!---->\n                      <img decoding=\"async\" src=\"https:\/\/sophrosoft.fr\/wp-content\/uploads\/2022\/11\/female-user-icon-150x150.png\" class=\"style-337-image style-local-436-c7-image\">\n                      <div class=\"h-image__frame h-hide-lg h-hide-md h-hide-sm style-337-frameImage style-local-436-c7-frameImage\"><\/div>\n                    <\/div>\n                  <\/div>\n                <\/div>\n                <div data-colibri-id=\"436-c8\" class=\"h-global-transition-all h-heading style-338 style-local-436-c8 position-relative h-element\">\n                  <!---->\n                  <div class=\"h-heading__outer style-338 style-local-436-c8\">\n                    <!---->\n                    <!---->\n                    <h5 class=\"\">Anne<\/h5>\n                  <\/div>\n                <\/div>\n              <\/div>\n            <\/div>\n          <\/div>\n          <div class=\"h-column h-column-container d-flex h-col-lg-3 h-col-md-6 h-col-12 style-344-outer style-local-436-c9-outer\">\n            <div data-colibri-id=\"436-c9\" class=\"d-flex h-flex-basis h-column__inner h-px-lg-3 h-px-md-3 h-px-3 v-inner-lg-3 v-inner-md-3 v-inner-3 style-344 style-local-436-c9 position-relative\">\n              <!---->\n              <!---->\n              <div class=\"w-100 h-y-container h-column__content h-column__v-align flex-basis-100 align-self-lg-start align-self-md-start align-self-start\">\n                <!---->\n                <div data-colibri-id=\"436-c10\" class=\"h-icon style-346 style-local-436-c10 position-relative h-element\">\n                  <!----><span class=\"h-svg-icon h-icon__icon style-346-icon style-local-436-c10-icon\"><!--Icon by Font Awesome (https:\/\/fontawesome.com)-->\n    <svg version=\"1.1\" xmlns=\"http:\/\/www.w3.org\/2000\/svg\" xmlns:xlink=\"http:\/\/www.w3.org\/1999\/xlink\" id=\"quote-right\" viewBox=\"0 0 1664 1896.0833\">\n      <path d=\"M768 320v704q0 104-40.5 198.5T618 1386t-163.5 109.5T256 1536h-64q-26 0-45-19t-19-45v-128q0-26 19-45t45-19h64q106 0 181-75t75-181v-32q0-40-28-68t-68-28H192q-80 0-136-56T0 704V320q0-80 56-136t136-56h384q80 0 136 56t56 136zm896 0v704q0 104-40.5 198.5T1514 1386t-163.5 109.5T1152 1536h-64q-26 0-45-19t-19-45v-128q0-26 19-45t45-19h64q106 0 181-75t75-181v-32q0-40-28-68t-68-28h-224q-80 0-136-56t-56-136V320q0-80 56-136t136-56h384q80 0 136 56t56 136z\"><\/path>\n    <\/svg><\/span><\/div>\n                <div data-colibri-id=\"436-c11\" class=\"h-text h-text-component style-353 style-local-436-c11 position-relative h-element\">\n                  <!---->\n                  <!---->\n                  <div class=\"\">\n                    <p>Je ne trouve pas les mots pour dire \u00e0 quel point je me sens plus sereine. J&rsquo;avais vraiment h\u00e2te d&rsquo;\u00eatre \u00e0 la s\u00e9ance suivante ! Une fois que l&rsquo;on a commenc\u00e9, on n&rsquo;a qu&rsquo;une envie, c&rsquo;est de continuer !<\/p>\n                  <\/div>\n                <\/div>\n                <div data-colibri-id=\"436-c12\" class=\"d-block style-354 style-local-436-c12 position-relative h-element\">\n                  <!---->\n                  <div class=\"h-image__frame-container-outer\">\n                    <div class=\"h-image__frame-container\">\n                      <!---->\n                      <!---->\n                      <img decoding=\"async\" src=\"https:\/\/sophrosoft.fr\/wp-content\/uploads\/2022\/11\/female-user-icon-150x150.png\" class=\"style-354-image style-local-436-c12-image\">\n                      <div class=\"h-image__frame h-hide-lg h-hide-md h-hide-sm style-354-frameImage style-local-436-c12-frameImage\"><\/div>\n                    <\/div>\n                  <\/div>\n                <\/div>\n                <div data-colibri-id=\"436-c13\" class=\"h-global-transition-all h-heading style-357 style-local-436-c13 position-relative h-element\">\n                  <!---->\n                  <div class=\"h-heading__outer style-357 style-local-436-c13\">\n                    <!---->\n                    <!---->\n                    <h5 class=\"\">Monique<\/h5>\n                  <\/div>\n                <\/div>\n              <\/div>\n            <\/div>\n          <\/div>\n          <div class=\"h-column h-column-container d-flex h-col-lg-3 h-col-md-6 h-col-12 style-334-outer style-local-436-c14-outer\">\n            <div data-colibri-id=\"436-c14\" class=\"d-flex h-flex-basis h-column__inner h-px-lg-3 h-px-md-3 h-px-3 v-inner-lg-3 v-inner-md-3 v-inner-3 style-334 style-local-436-c14 position-relative\">\n              <!---->\n              <!---->\n              <div class=\"w-100 h-y-container h-column__content h-column__v-align flex-basis-100 align-self-lg-start align-self-md-start align-self-start\">\n                <!---->\n                <div data-colibri-id=\"436-c15\" class=\"h-icon style-335 style-local-436-c15 position-relative h-element\">\n                  <!----><span class=\"h-svg-icon h-icon__icon style-335-icon style-local-436-c15-icon\"><!--Icon by Font Awesome (https:\/\/fontawesome.com)-->\n    <svg version=\"1.1\" xmlns=\"http:\/\/www.w3.org\/2000\/svg\" xmlns:xlink=\"http:\/\/www.w3.org\/1999\/xlink\" id=\"quote-right\" viewBox=\"0 0 1664 1896.0833\">\n      <path d=\"M768 320v704q0 104-40.5 198.5T618 1386t-163.5 109.5T256 1536h-64q-26 0-45-19t-19-45v-128q0-26 19-45t45-19h64q106 0 181-75t75-181v-32q0-40-28-68t-68-28H192q-80 0-136-56T0 704V320q0-80 56-136t136-56h384q80 0 136 56t56 136zm896 0v704q0 104-40.5 198.5T1514 1386t-163.5 109.5T1152 1536h-64q-26 0-45-19t-19-45v-128q0-26 19-45t45-19h64q106 0 181-75t75-181v-32q0-40-28-68t-68-28h-224q-80 0-136-56t-56-136V320q0-80 56-136t136-56h384q80 0 136 56t56 136z\"><\/path>\n    <\/svg><\/span><\/div>\n                <div data-colibri-id=\"436-c16\" class=\"h-text h-text-component style-336 style-local-436-c16 position-relative h-element\">\n                  <!---->\n                  <!---->\n                  <div class=\"\">\n                    <p>Je dirais que cette m\u00e9thode renforce la confiance et l&rsquo;estime de soi. Elle permet de vivre pleinement le moment pr\u00e9sent (&#8230;). Cela fait tellement de bien !<\/p>\n                  <\/div>\n                <\/div>\n                <div data-colibri-id=\"436-c17\" class=\"d-block style-337 style-local-436-c17 position-relative h-element\">\n                  <!---->\n                  <div class=\"h-image__frame-container-outer\">\n                    <div class=\"h-image__frame-container\">\n                      <!---->\n                      <!---->\n                      <img decoding=\"async\" src=\"https:\/\/sophrosoft.fr\/wp-content\/uploads\/2022\/11\/female-user-icon-150x150.png\" class=\"style-337-image style-local-436-c17-image\">\n                      <div class=\"h-image__frame h-hide-lg h-hide-md h-hide-sm style-337-frameImage style-local-436-c17-frameImage\"><\/div>\n                    <\/div>\n                  <\/div>\n                <\/div>\n                <div data-colibri-id=\"436-c18\" class=\"h-global-transition-all h-heading style-338 style-local-436-c18 position-relative h-element\">\n                  <!---->\n                  <div class=\"h-heading__outer style-338 style-local-436-c18\">\n                    <!---->\n                    <!---->\n                    <h5 class=\"\">Paul<\/h5>\n                  <\/div>\n                <\/div>\n              <\/div>\n            <\/div>\n          <\/div>\n          <div class=\"h-column h-column-container d-flex h-col-lg-3 h-col-md-6 h-col-12 style-334-outer style-local-436-c19-outer\">\n            <div data-colibri-id=\"436-c19\" class=\"d-flex h-flex-basis h-column__inner h-px-lg-3 h-px-md-3 h-px-3 v-inner-lg-3 v-inner-md-3 v-inner-3 style-334 style-local-436-c19 position-relative\">\n              <!---->\n              <!---->\n              <div class=\"w-100 h-y-container h-column__content h-column__v-align flex-basis-100 align-self-lg-start align-self-md-start align-self-start\">\n                <!---->\n                <div data-colibri-id=\"436-c20\" class=\"h-icon style-335 style-local-436-c20 position-relative h-element\">\n                  <!----><span class=\"h-svg-icon h-icon__icon style-335-icon style-local-436-c20-icon\"><!--Icon by Font Awesome (https:\/\/fontawesome.com)-->\n    <svg version=\"1.1\" xmlns=\"http:\/\/www.w3.org\/2000\/svg\" xmlns:xlink=\"http:\/\/www.w3.org\/1999\/xlink\" id=\"quote-right\" viewBox=\"0 0 1664 1896.0833\">\n      <path d=\"M768 320v704q0 104-40.5 198.5T618 1386t-163.5 109.5T256 1536h-64q-26 0-45-19t-19-45v-128q0-26 19-45t45-19h64q106 0 181-75t75-181v-32q0-40-28-68t-68-28H192q-80 0-136-56T0 704V320q0-80 56-136t136-56h384q80 0 136 56t56 136zm896 0v704q0 104-40.5 198.5T1514 1386t-163.5 109.5T1152 1536h-64q-26 0-45-19t-19-45v-128q0-26 19-45t45-19h64q106 0 181-75t75-181v-32q0-40-28-68t-68-28h-224q-80 0-136-56t-56-136V320q0-80 56-136t136-56h384q80 0 136 56t56 136z\"><\/path>\n    <\/svg><\/span><\/div>\n                <div data-colibri-id=\"436-c21\" class=\"h-text h-text-component style-336 style-local-436-c21 position-relative h-element\">\n                  <!---->\n                  <!---->\n                  <div class=\"\">\n                    <p>Je me sens plus d\u00e9tendue et plus sereine. J&rsquo;ai d\u00e9couvert une autre fa\u00e7on de respirer qui me d\u00e9tend. Je peux m&rsquo;entrainer en autonomie, \u00e0 la maison.<\/p>\n                  <\/div>\n                <\/div>\n                <div data-colibri-id=\"436-c22\" class=\"d-block style-337 style-local-436-c22 position-relative h-element\">\n                  <!---->\n                  <div class=\"h-image__frame-container-outer\">\n                    <div class=\"h-image__frame-container\">\n                      <!---->\n                      <!---->\n                      <img decoding=\"async\" src=\"https:\/\/sophrosoft.fr\/wp-content\/uploads\/2022\/11\/female-user-icon-150x150.png\" class=\"style-337-image style-local-436-c22-image\">\n                      <div class=\"h-image__frame h-hide-lg h-hide-md h-hide-sm style-337-frameImage style-local-436-c22-frameImage\"><\/div>\n                    <\/div>\n                  <\/div>\n                <\/div>\n                <div data-colibri-id=\"436-c23\" class=\"h-global-transition-all h-heading style-338 style-local-436-c23 position-relative h-element\">\n                  <!---->\n                  <div class=\"h-heading__outer style-338 style-local-436-c23\">\n                    <!---->\n                    <!---->\n                    <h5 class=\"\">Jeanne<\/h5>\n                  <\/div>\n                <\/div>\n              <\/div>\n            <\/div>\n          <\/div>\n        <\/div>\n      <\/div>\n    <\/div>\n  <\/div>\n<\/div>","protected":false},"excerpt":{"rendered":"<p>Quelques t\u00e9moignages&#8230; La sophrologie m&rsquo;a apport\u00e9 beaucoup de s\u00e9r\u00e9nit\u00e9, de d\u00e9tente (&#8230;). En s&rsquo;entrainant r\u00e9guli\u00e8rement, la sophrologie apporte beaucoup de bien-\u00eatre ! Anne Je ne trouve pas les mots pour dire \u00e0 quel point je me sens plus sereine. J&rsquo;avais vraiment h\u00e2te d&rsquo;\u00eatre \u00e0 la s\u00e9ance suivante ! Une fois que l&rsquo;on a commenc\u00e9, on [&hellip;]<\/p>\n","protected":false},"author":1,"featured_media":0,"parent":0,"menu_order":0,"comment_status":"closed","ping_status":"closed","template":"page-templates\/full-width-page.php","meta":{"footnotes":""},"class_list":["post-436","page","type-page","status-publish","hentry"],"_links":{"self":[{"href":"https:\/\/sophrosoft.fr\/index.php\/wp-json\/wp\/v2\/pages\/436","targetHints":{"allow":["GET"]}}],"collection":[{"href":"https:\/\/sophrosoft.fr\/index.php\/wp-json\/wp\/v2\/pages"}],"about":[{"href":"https:\/\/sophrosoft.fr\/index.php\/wp-json\/wp\/v2\/types\/page"}],"author":[{"embeddable":true,"href":"https:\/\/sophrosoft.fr\/index.php\/wp-json\/wp\/v2\/users\/1"}],"replies":[{"embeddable":true,"href":"https:\/\/sophrosoft.fr\/index.php\/wp-json\/wp\/v2\/comments?post=436"}],"version-history":[{"count":4,"href":"https:\/\/sophrosoft.fr\/index.php\/wp-json\/wp\/v2\/pages\/436\/revisions"}],"predecessor-version":[{"id":498,"href":"https:\/\/sophrosoft.fr\/index.php\/wp-json\/wp\/v2\/pages\/436\/revisions\/498"}],"wp:attachment":[{"href":"https:\/\/sophrosoft.fr\/index.php\/wp-json\/wp\/v2\/media?parent=436"}],"curies":[{"name":"wp","href":"https:\/\/api.w.org\/{rel}","templated":true}]}}