{"id":216,"date":"2022-11-12T15:09:36","date_gmt":"2022-11-12T14:09:36","guid":{"rendered":"https:\/\/sophrosoft.fr\/?page_id=216"},"modified":"2023-02-13T12:59:30","modified_gmt":"2023-02-13T11:59:30","slug":"prestations","status":"publish","type":"page","link":"https:\/\/sophrosoft.fr\/index.php\/prestations\/","title":{"rendered":"Prestations"},"content":{"rendered":"<div data-colibri-id=\"216-c1\" class=\"style-262 style-local-216-c1 position-relative\">\n  <!---->\n  <div data-colibri-component=\"section\" data-colibri-id=\"216-c2\" id=\"overlappable\" class=\"h-section h-section-global-spacing d-flex align-items-lg-center align-items-md-center align-items-center style-263 style-local-216-c2 position-relative\">\n    <!---->\n    <!---->\n    <div class=\"h-section-grid-container h-section-boxed-container\">\n      <!---->\n      <div data-colibri-id=\"216-c3\" class=\"h-row-container gutters-row-lg-2 gutters-row-md-0 gutters-row-2 gutters-row-v-lg-2 gutters-row-v-md-0 gutters-row-v-2 style-264 style-local-216-c3 position-relative\">\n        <!---->\n        <div class=\"h-row justify-content-lg-center justify-content-md-center justify-content-center align-items-lg-stretch align-items-md-stretch align-items-stretch gutters-col-lg-2 gutters-col-md-0 gutters-col-2 gutters-col-v-lg-2 gutters-col-v-md-0 gutters-col-v-2\">\n          <!---->\n          <div class=\"h-column h-column-container d-flex h-col-lg-4 h-col-md-4 h-col-12 style-265-outer style-local-216-c4-outer\">\n            <div data-colibri-id=\"216-c4\" class=\"d-flex h-flex-basis h-column__inner h-px-lg-2 h-px-md-3 h-px-2 v-inner-lg-0 v-inner-md-3 v-inner-2 style-265 style-local-216-c4 position-relative\">\n              <!---->\n              <!---->\n              <div class=\"w-100 h-y-container h-column__content h-column__v-align flex-basis-100 align-self-lg-start align-self-md-start align-self-start\">\n                <!---->\n                <div data-colibri-id=\"216-c5\" class=\"h-icon style-266 style-local-216-c5 position-relative h-element\">\n                  <!----><span class=\"h-svg-icon h-icon__icon style-266-icon style-local-216-c5-icon\"><!--Icon by Font Awesome (https:\/\/fontawesome.com)-->\n    <svg version=\"1.1\" xmlns=\"http:\/\/www.w3.org\/2000\/svg\" xmlns:xlink=\"http:\/\/www.w3.org\/1999\/xlink\" id=\"user\" viewBox=\"0 0 1354.8114 1896.0833\">\n      <path d=\"M1280 1399q0 109-62.5 187t-150.5 78H213q-88 0-150.5-78T0 1399q0-85 8.5-160.5t31.5-152 58.5-131 94-89T327 832q131 128 313 128t313-128q76 0 134.5 34.5t94 89 58.5 131 31.5 152 8.5 160.5zm-256-887q0 159-112.5 271.5T640 896 368.5 783.5 256 512t112.5-271.5T640 128t271.5 112.5T1024 512z\"><\/path>\n    <\/svg><\/span><\/div>\n                <div data-colibri-id=\"216-c6\" class=\"h-global-transition-all h-heading style-267 style-local-216-c6 position-relative h-element\">\n                  <!---->\n                  <div class=\"h-heading__outer style-267 style-local-216-c6\">\n                    <!---->\n                    <!---->\n                    <h5 class=\"\">S\u00e9ance individuelle<\/h5>\n                  <\/div>\n                <\/div>\n                <div data-colibri-id=\"216-c7\" class=\"h-text h-text-component style-268 style-local-216-c7 position-relative h-element\">\n                  <!---->\n                  <!---->\n                  <div class=\"\">\n                    <p>Vous avez un objectif pr\u00e9cis, un temps limit\u00e9 (examen, permis, &#8230;), optez pour une ouplusieurs s\u00e9ances en individuel.<\/p>\n                  <\/div>\n                <\/div>\n                <div data-colibri-id=\"216-c8\" class=\"icon-list d-flex justify-content-lg-center justify-content-md-center justify-content-center style-269 style-local-216-c8 position-relative h-element\">\n                  <!---->\n                  <ul class=\"ul-list-icon vertical-on-desktop vertical-on-tablet vertical-on-mobile justify-content-lg-center justify-content-md-center justify-content-center\">\n                    <!---->\n                    <li class=\"list-item no-gutters\">\n                      <!---->\n                      <div class=\"list-container-divider d-flex justify-content-lg-center justify-content-md-center justify-content-center first-el-spacer\"><\/div> <span class=\"item-link no-gutters\"><div class=\"d-flex h-col no-gutters align-items-lg-center align-items-md-center align-items-center list-item-text-wrapper\"><div class=\"d-flex\"><span  class=\"h-svg-icon style-269-icon style-local-216-c8-icon\"><!--Icon by Font Awesome (https:\/\/fontawesome.com)-->\n    <svg version=\"1.1\" xmlns=\"http:\/\/www.w3.org\/2000\/svg\" xmlns:xlink=\"http:\/\/www.w3.org\/1999\/xlink\" id=\"check\" viewBox=\"0 0 1792 1896.0833\">\n      <path d=\"M1671 566q0 40-28 68l-724 724-136 136q-28 28-68 28t-68-28l-136-136-362-362q-28-28-28-68t28-68l136-136q28-28 68-28t68 28l294 295 656-657q28-28 68-28t68 28l136 136q28 28 28 68z\"><\/path>\n    <\/svg><\/span><\/div> <span class=\"list-text d-block\"><span>\u00e0 partir de 26 ans: 50\u20ac<\/span><\/span>\n              <\/div>\n              <\/span>\n              <div class=\"list-container-divider d-flex justify-content-lg-center justify-content-md-center justify-content-center\">\n                <!---->\n              <\/div>\n              <\/li>\n              <li class=\"list-item no-gutters\">\n                <!---->\n                <!----><span class=\"item-link no-gutters\"><div class=\"d-flex h-col no-gutters align-items-lg-center align-items-md-center align-items-center list-item-text-wrapper\"><div class=\"d-flex\"><span  class=\"h-svg-icon style-269-icon style-local-216-c8-icon\"><!--Icon by Font Awesome (https:\/\/fontawesome.com)-->\n    <svg version=\"1.1\" xmlns=\"http:\/\/www.w3.org\/2000\/svg\" xmlns:xlink=\"http:\/\/www.w3.org\/1999\/xlink\" id=\"check\" viewBox=\"0 0 1792 1896.0833\">\n      <path d=\"M1671 566q0 40-28 68l-724 724-136 136q-28 28-68 28t-68-28l-136-136-362-362q-28-28-28-68t28-68l136-136q28-28 68-28t68 28l294 295 656-657q28-28 68-28t68 28l136 136q28 28 28 68z\"><\/path>\n    <\/svg><\/span><\/div> <span class=\"list-text d-block\"><span>&#8211; de 26 ans: 35\u20ac<\/span><\/span>\n          <\/div>\n          <\/span>\n          <div class=\"list-container-divider d-flex justify-content-lg-center justify-content-md-center justify-content-center\">\n            <!---->\n          <\/div>\n          <\/li>\n          <li class=\"list-item no-gutters\">\n            <!---->\n            <!----><span class=\"item-link no-gutters\"><div class=\"d-flex h-col no-gutters align-items-lg-center align-items-md-center align-items-center list-item-text-wrapper\"><div class=\"d-flex\"><span  class=\"h-svg-icon style-269-icon style-local-216-c8-icon\"><!--Icon by Font Awesome (https:\/\/fontawesome.com)-->\n    <svg version=\"1.1\" xmlns=\"http:\/\/www.w3.org\/2000\/svg\" xmlns:xlink=\"http:\/\/www.w3.org\/1999\/xlink\" id=\"check\" viewBox=\"0 0 1792 1896.0833\">\n      <path d=\"M1671 566q0 40-28 68l-724 724-136 136q-28 28-68 28t-68-28l-136-136-362-362q-28-28-28-68t28-68l136-136q28-28 68-28t68 28l294 295 656-657q28-28 68-28t68 28l136 136q28 28 28 68z\"><\/path>\n    <\/svg><\/span><\/div> <span class=\"list-text d-block\"><span>Forfait 5 s\u00e9ances individuelles, 5\u00e8me s\u00e9ances offerte.<br>(forfait d\u00e9clinable et applicable pour 10, 15 s\u00e9ances etc.)<\/span><\/span>\n      <\/div>\n      <\/span>\n      <div class=\"list-container-divider d-flex justify-content-lg-center justify-content-md-center justify-content-center\">\n        <!---->\n      <\/div>\n      <\/li>\n      <li class=\"list-item no-gutters\">\n        <!---->\n        <!----><span class=\"item-link no-gutters\"><div class=\"d-flex h-col no-gutters align-items-lg-center align-items-md-center align-items-center list-item-text-wrapper\"><div class=\"d-flex\"><span  class=\"h-svg-icon style-269-icon style-local-216-c8-icon\"><!--Icon by Font Awesome (https:\/\/fontawesome.com)-->\n    <svg version=\"1.1\" xmlns=\"http:\/\/www.w3.org\/2000\/svg\" xmlns:xlink=\"http:\/\/www.w3.org\/1999\/xlink\" id=\"check\" viewBox=\"0 0 1792 1896.0833\">\n      <path d=\"M1671 566q0 40-28 68l-724 724-136 136q-28 28-68 28t-68-28l-136-136-362-362q-28-28-28-68t28-68l136-136q28-28 68-28t68 28l294 295 656-657q28-28 68-28t68 28l136 136q28 28 28 68z\"><\/path>\n    <\/svg><\/span><\/div> <span class=\"list-text d-block\"><span>S\u00e9ances (en vue d&rsquo;un moment particulier : concours, permis, \u00e9v\u00e9nement familial, etc.): Montant estimatif sur demande<\/span><\/span>\n  <\/div>\n  <\/span>\n  <div class=\"list-container-divider d-flex justify-content-lg-center justify-content-md-center justify-content-center\">\n    <!---->\n  <\/div>\n  <\/li>\n  <li class=\"list-item no-gutters\">\n    <!---->\n    <!----><span class=\"item-link no-gutters\"><div class=\"d-flex h-col no-gutters align-items-lg-center align-items-md-center align-items-center list-item-text-wrapper\"><div class=\"d-flex\"><span  class=\"h-svg-icon style-269-icon style-local-216-c8-icon\"><!--Icon by Font Awesome (https:\/\/fontawesome.com)-->\n    <svg version=\"1.1\" xmlns=\"http:\/\/www.w3.org\/2000\/svg\" xmlns:xlink=\"http:\/\/www.w3.org\/1999\/xlink\" id=\"check\" viewBox=\"0 0 1792 1896.0833\">\n      <path d=\"M1671 566q0 40-28 68l-724 724-136 136q-28 28-68 28t-68-28l-136-136-362-362q-28-28-28-68t28-68l136-136q28-28 68-28t68 28l294 295 656-657q28-28 68-28t68 28l136 136q28 28 28 68z\"><\/path>\n    <\/svg><\/span><\/div> <span class=\"list-text d-block\"><span>Possibilit\u00e9 de pratiquer en visio (tarifs identiques)<\/span><\/span>\n<\/div>\n<\/span>\n<div class=\"list-container-divider d-flex justify-content-lg-center justify-content-md-center justify-content-center\" style=\"display: none;\">\n  <!---->\n<\/div>\n<div class=\"list-container-divider d-flex justify-content-lg-center justify-content-md-center justify-content-center last-el-spacer\"><\/div>\n<\/li>\n<\/ul>\n<\/div>\n<\/div>\n<\/div>\n<\/div>\n<div class=\"h-column h-column-container d-flex h-col-lg-4 h-col-md-4 h-col-12 style-265-outer style-local-216-c9-outer\">\n  <div data-colibri-id=\"216-c9\" class=\"d-flex h-flex-basis h-column__inner h-px-lg-2 h-px-md-3 h-px-2 v-inner-lg-0 v-inner-md-3 v-inner-2 style-265 style-local-216-c9 position-relative\">\n    <!---->\n    <!---->\n    <div class=\"w-100 h-y-container h-column__content h-column__v-align flex-basis-100 align-self-lg-start align-self-md-start align-self-start\">\n      <!---->\n      <div data-colibri-id=\"216-c10\" class=\"h-icon style-266 style-local-216-c10 position-relative h-element\">\n        <!----><span class=\"h-svg-icon h-icon__icon style-266-icon style-local-216-c10-icon\"><!--Icon by Font Awesome (https:\/\/fontawesome.com)-->\n    <svg version=\"1.1\" xmlns=\"http:\/\/www.w3.org\/2000\/svg\" xmlns:xlink=\"http:\/\/www.w3.org\/1999\/xlink\" id=\"group\" viewBox=\"0 0 1920 1896.0833\">\n      <path d=\"M593 896q-162 5-265 128H194q-82 0-138-40.5T0 865q0-353 124-353 6 0 43.5 21t97.5 42.5T384 597q67 0 133-23-5 37-5 66 0 139 81 256zm1071 637q0 120-73 189.5t-194 69.5H523q-121 0-194-69.5T256 1533q0-53 3.5-103.5t14-109T300 1212t43-97.5 62-81 85.5-53.5T602 960q10 0 43 21.5t73 48 107 48 135 21.5 135-21.5 107-48 73-48 43-21.5q61 0 111.5 20t85.5 53.5 62 81 43 97.5 26.5 108.5 14 109 3.5 103.5zM640 256q0 106-75 181t-181 75-181-75-75-181 75-181T384 0t181 75 75 181zm704 384q0 159-112.5 271.5T960 1024 688.5 911.5 576 640t112.5-271.5T960 256t271.5 112.5T1344 640zm576 225q0 78-56 118.5t-138 40.5h-134q-103-123-265-128 81-117 81-256 0-29-5-66 66 23 133 23 59 0 119-21.5t97.5-42.5 43.5-21q124 0 124 353zm-128-609q0 106-75 181t-181 75-181-75-75-181 75-181 181-75 181 75 75 181z\"><\/path>\n    <\/svg><\/span><\/div>\n      <div data-colibri-id=\"216-c11\" class=\"h-global-transition-all h-heading style-267 style-local-216-c11 position-relative h-element\">\n        <!---->\n        <div class=\"h-heading__outer style-267 style-local-216-c11\">\n          <!---->\n          <!---->\n          <h5 class=\"\">Seance groupe<\/h5>\n        <\/div>\n      <\/div>\n      <div data-colibri-id=\"216-c12\" class=\"h-text h-text-component style-268 style-local-216-c12 position-relative h-element\">\n        <!---->\n        <!---->\n        <div class=\"\">\n          <p>Vous souhaitez peu \u00e0 peu int\u00e9grer la m\u00e9thode et tous ses bienfaits, s\u00e9ance apr\u00e8s s\u00e9ance, gr\u00e2ce \u00e0 un entra\u00eenement r\u00e9gulier, choisissez de pratiquer en groupe dans la bienveillance et la convivialit\u00e9.<\/p>\n        <\/div>\n      <\/div>\n      <div data-colibri-id=\"216-c13\" class=\"icon-list d-flex justify-content-lg-center justify-content-md-center justify-content-center style-270 style-local-216-c13 position-relative h-element\">\n        <!---->\n        <ul class=\"ul-list-icon vertical-on-desktop vertical-on-tablet vertical-on-mobile justify-content-lg-center justify-content-md-center justify-content-center\">\n          <!---->\n          <li class=\"list-item no-gutters\">\n            <!---->\n            <div class=\"list-container-divider d-flex justify-content-lg-center justify-content-md-center justify-content-center first-el-spacer\"><\/div> <span class=\"item-link no-gutters\"><div class=\"d-flex h-col no-gutters align-items-lg-center align-items-md-center align-items-center list-item-text-wrapper\"><div class=\"d-flex\"><span  class=\"h-svg-icon style-270-icon style-local-216-c13-icon\"><!--Icon by Font Awesome (https:\/\/fontawesome.com)-->\n    <svg version=\"1.1\" xmlns=\"http:\/\/www.w3.org\/2000\/svg\" xmlns:xlink=\"http:\/\/www.w3.org\/1999\/xlink\" id=\"check\" viewBox=\"0 0 1792 1896.0833\">\n      <path d=\"M1671 566q0 40-28 68l-724 724-136 136q-28 28-68 28t-68-28l-136-136-362-362q-28-28-28-68t28-68l136-136q28-28 68-28t68 28l294 295 656-657q28-28 68-28t68 28l136 136q28 28 28 68z\"><\/path>\n    <\/svg><\/span><\/div> <span class=\"list-text d-block\"><span>S\u00e9ance sans abonnement: 15\u20ac\/personne<\/span><\/span>\n    <\/div>\n    <\/span>\n    <div class=\"list-container-divider d-flex justify-content-lg-center justify-content-md-center justify-content-center\">\n      <!---->\n    <\/div>\n    <\/li>\n    <li class=\"list-item no-gutters\">\n      <!---->\n      <!----><span class=\"item-link no-gutters\"><div class=\"d-flex h-col no-gutters align-items-lg-center align-items-md-center align-items-center list-item-text-wrapper\"><div class=\"d-flex\"><span  class=\"h-svg-icon style-270-icon style-local-216-c13-icon\"><!--Icon by Font Awesome (https:\/\/fontawesome.com)-->\n    <svg version=\"1.1\" xmlns=\"http:\/\/www.w3.org\/2000\/svg\" xmlns:xlink=\"http:\/\/www.w3.org\/1999\/xlink\" id=\"check\" viewBox=\"0 0 1792 1896.0833\">\n      <path d=\"M1671 566q0 40-28 68l-724 724-136 136q-28 28-68 28t-68-28l-136-136-362-362q-28-28-28-68t28-68l136-136q28-28 68-28t68 28l294 295 656-657q28-28 68-28t68 28l136 136q28 28 28 68z\"><\/path>\n    <\/svg><\/span><\/div> <span class=\"list-text d-block\"><span>S\u00e9ance avec abonnement: 10\u20ac\/personne<\/span><\/span>\n<\/div>\n<\/span>\n<div class=\"list-container-divider d-flex justify-content-lg-center justify-content-md-center justify-content-center\">\n  <!---->\n<\/div>\n<\/li>\n<li class=\"list-item no-gutters\">\n  <!---->\n  <!----><span class=\"item-link no-gutters\"><div class=\"d-flex h-col no-gutters align-items-lg-center align-items-md-center align-items-center list-item-text-wrapper\"><div class=\"d-flex\"><span  class=\"h-svg-icon style-270-icon style-local-216-c13-icon\"><!--Icon by Font Awesome (https:\/\/fontawesome.com)-->\n    <svg version=\"1.1\" xmlns=\"http:\/\/www.w3.org\/2000\/svg\" xmlns:xlink=\"http:\/\/www.w3.org\/1999\/xlink\" id=\"check\" viewBox=\"0 0 1792 1896.0833\">\n      <path d=\"M1671 566q0 40-28 68l-724 724-136 136q-28 28-68 28t-68-28l-136-136-362-362q-28-28-28-68t28-68l136-136q28-28 68-28t68 28l294 295 656-657q28-28 68-28t68 28l136 136q28 28 28 68z\"><\/path>\n    <\/svg><\/span><\/div> <span class=\"list-text d-block\"><span>Les s\u00e9ances durent en moyenne 1 heure, que ce soit en groupe ou en individuel<\/span><\/span>\n  <\/div>\n  <\/span>\n  <div class=\"list-container-divider d-flex justify-content-lg-center justify-content-md-center justify-content-center\" style=\"display: none;\">\n    <!---->\n  <\/div>\n  <div class=\"list-container-divider d-flex justify-content-lg-center justify-content-md-center justify-content-center last-el-spacer\"><\/div>\n<\/li>\n<\/ul>\n<\/div>\n<\/div>\n<\/div>\n<\/div>\n<div class=\"h-column h-column-container d-flex h-col-lg-4 h-col-md-4 h-col-12 style-265-outer style-local-216-c14-outer\">\n  <div data-colibri-id=\"216-c14\" class=\"d-flex h-flex-basis h-column__inner h-px-lg-2 h-px-md-3 h-px-2 v-inner-lg-0 v-inner-md-3 v-inner-2 style-265 style-local-216-c14 position-relative\">\n    <!---->\n    <!---->\n    <div class=\"w-100 h-y-container h-column__content h-column__v-align flex-basis-100 align-self-lg-start align-self-md-start align-self-start\">\n      <!---->\n      <div data-colibri-id=\"216-c15\" class=\"h-icon style-266 style-local-216-c15 position-relative h-element\">\n        <!----><span class=\"h-svg-icon h-icon__icon style-266-icon style-local-216-c15-icon\"><!--Icon by Font Awesome (https:\/\/fontawesome.com)-->\n    <svg version=\"1.1\" xmlns=\"http:\/\/www.w3.org\/2000\/svg\" xmlns:xlink=\"http:\/\/www.w3.org\/1999\/xlink\" id=\"briefcase\" viewBox=\"0 0 1792 1896.0833\">\n      <path d=\"M640 256h512V128H640v128zm1152 640v480q0 66-47 113t-113 47H160q-66 0-113-47T0 1376V896h672v160q0 26 19 45t45 19h320q26 0 45-19t19-45V896h672zm-768 0v128H768V896h256zm768-480v384H0V416q0-66 47-113t113-47h352V96q0-40 28-68t68-28h576q40 0 68 28t28 68v160h352q66 0 113 47t47 113z\"><\/path>\n    <\/svg><\/span><\/div>\n      <div data-colibri-id=\"216-c16\" class=\"h-global-transition-all h-heading style-267 style-local-216-c16 position-relative h-element\">\n        <!---->\n        <div class=\"h-heading__outer style-267 style-local-216-c16\">\n          <!---->\n          <!---->\n          <h5 class=\"\">seance entreprise oU collectivit\u00e9<\/h5>\n        <\/div>\n      <\/div>\n      <div data-colibri-id=\"216-c17\" class=\"h-text h-text-component style-268 style-local-216-c17 position-relative h-element\">\n        <!---->\n        <!---->\n        <div class=\"\">\n          <p>Vous souhaitez accorder un instant dans votre entreprise ou v\u00f4tre collectivit\u00e9, s\u00e9lectionner les s\u00e9ances en entreprises o\u00f9 en collectivit\u00e9s.<\/p>\n        <\/div>\n      <\/div>\n      <div data-colibri-id=\"216-c18\" class=\"icon-list d-flex justify-content-lg-center justify-content-md-center justify-content-center style-271 style-local-216-c18 position-relative h-element\">\n        <!---->\n        <ul class=\"ul-list-icon vertical-on-desktop vertical-on-tablet vertical-on-mobile justify-content-lg-center justify-content-md-center justify-content-center\">\n          <!---->\n          <li class=\"list-item no-gutters\">\n            <!---->\n            <div class=\"list-container-divider d-flex justify-content-lg-center justify-content-md-center justify-content-center first-el-spacer\"><\/div> <span class=\"item-link no-gutters\"><div class=\"d-flex h-col no-gutters align-items-lg-center align-items-md-center align-items-center list-item-text-wrapper\"><div class=\"d-flex\"><span  class=\"h-svg-icon style-271-icon style-local-216-c18-icon\"><!--Icon by Font Awesome (https:\/\/fontawesome.com)-->\n    <svg version=\"1.1\" xmlns=\"http:\/\/www.w3.org\/2000\/svg\" xmlns:xlink=\"http:\/\/www.w3.org\/1999\/xlink\" id=\"check\" viewBox=\"0 0 1792 1896.0833\">\n      <path d=\"M1671 566q0 40-28 68l-724 724-136 136q-28 28-68 28t-68-28l-136-136-362-362q-28-28-28-68t28-68l136-136q28-28 68-28t68 28l294 295 656-657q28-28 68-28t68 28l136 136q28 28 28 68z\"><\/path>\n    <\/svg><\/span><\/div> <span class=\"list-text d-block\"><span>En groupe (3 personnes minimum &#8211; 8 maximum)<\/span><\/span>\n    <\/div>\n    <\/span>\n    <div class=\"list-container-divider d-flex justify-content-lg-center justify-content-md-center justify-content-center\">\n      <!---->\n    <\/div>\n    <\/li>\n    <li class=\"list-item no-gutters\">\n      <!---->\n      <!----><span class=\"item-link no-gutters\"><div class=\"d-flex h-col no-gutters align-items-lg-center align-items-md-center align-items-center list-item-text-wrapper\"><div class=\"d-flex\"><span  class=\"h-svg-icon style-271-icon style-local-216-c18-icon\"><!--Icon by Font Awesome (https:\/\/fontawesome.com)-->\n    <svg version=\"1.1\" xmlns=\"http:\/\/www.w3.org\/2000\/svg\" xmlns:xlink=\"http:\/\/www.w3.org\/1999\/xlink\" id=\"check\" viewBox=\"0 0 1792 1896.0833\">\n      <path d=\"M1671 566q0 40-28 68l-724 724-136 136q-28 28-68 28t-68-28l-136-136-362-362q-28-28-28-68t28-68l136-136q28-28 68-28t68 28l294 295 656-657q28-28 68-28t68 28l136 136q28 28 28 68z\"><\/path>\n    <\/svg><\/span><\/div> <span class=\"list-text d-block\"><span>En individuel<\/span><\/span>\n<\/div>\n<\/span>\n<div class=\"list-container-divider d-flex justify-content-lg-center justify-content-md-center justify-content-center\">\n  <!---->\n<\/div>\n<\/li>\n<li class=\"list-item no-gutters\">\n  <!---->\n  <!----><span class=\"item-link no-gutters\"><div class=\"d-flex h-col no-gutters align-items-lg-center align-items-md-center align-items-center list-item-text-wrapper\"><div class=\"d-flex\"><span  class=\"h-svg-icon style-271-icon style-local-216-c18-icon\"><!--Icon by Font Awesome (https:\/\/fontawesome.com)-->\n    <svg version=\"1.1\" xmlns=\"http:\/\/www.w3.org\/2000\/svg\" xmlns:xlink=\"http:\/\/www.w3.org\/1999\/xlink\" id=\"check\" viewBox=\"0 0 1792 1896.0833\">\n      <path d=\"M1671 566q0 40-28 68l-724 724-136 136q-28 28-68 28t-68-28l-136-136-362-362q-28-28-28-68t28-68l136-136q28-28 68-28t68 28l294 295 656-657q28-28 68-28t68 28l136 136q28 28 28 68z\"><\/path>\n    <\/svg><\/span><\/div> <span class=\"list-text d-block\"><span>Tarifs \u00e0 titre indicatif de 50 \u00e0 80\u20ac pour une heure (frais de d\u00e9placement non inclus)<\/span><\/span>\n  <\/div>\n  <\/span>\n  <div class=\"list-container-divider d-flex justify-content-lg-center justify-content-md-center justify-content-center\">\n    <!---->\n  <\/div>\n<\/li>\n<li class=\"list-item no-gutters\">\n  <!---->\n  <!----><span class=\"item-link no-gutters\"><div class=\"d-flex h-col no-gutters align-items-lg-center align-items-md-center align-items-center list-item-text-wrapper\"><div class=\"d-flex\"><span  class=\"h-svg-icon style-271-icon style-local-216-c18-icon\"><!--Icon by Font Awesome (https:\/\/fontawesome.com)-->\n    <svg version=\"1.1\" xmlns=\"http:\/\/www.w3.org\/2000\/svg\" xmlns:xlink=\"http:\/\/www.w3.org\/1999\/xlink\" id=\"check\" viewBox=\"0 0 1792 1896.0833\">\n      <path d=\"M1671 566q0 40-28 68l-724 724-136 136q-28 28-68 28t-68-28l-136-136-362-362q-28-28-28-68t28-68l136-136q28-28 68-28t68 28l294 295 656-657q28-28 68-28t68 28l136 136q28 28 28 68z\"><\/path>\n    <\/svg><\/span><\/div> <span class=\"list-text d-block\"><span>Pour toute demande personnalis\u00e9e (objectif, atelier sur une 1\/2 journ\u00e9e, etc.) : montant estimatif sur demande<\/span><\/span>\n  <\/div>\n  <\/span>\n  <div class=\"list-container-divider d-flex justify-content-lg-center justify-content-md-center justify-content-center\" style=\"display: none;\">\n    <!---->\n  <\/div>\n  <div class=\"list-container-divider d-flex justify-content-lg-center justify-content-md-center justify-content-center last-el-spacer\"><\/div>\n<\/li>\n<\/ul>\n<\/div>\n<\/div>\n<\/div>\n<\/div>\n<\/div>\n<\/div>\n<div data-colibri-id=\"216-c22\" class=\"h-row-container gutters-row-lg-2 gutters-row-md-2 gutters-row-0 gutters-row-v-lg-2 gutters-row-v-md-2 gutters-row-v-2 style-408 style-local-216-c22 position-relative\">\n  <!---->\n  <div class=\"h-row justify-content-lg-center justify-content-md-center justify-content-center align-items-lg-stretch align-items-md-stretch align-items-stretch gutters-col-lg-2 gutters-col-md-2 gutters-col-0 gutters-col-v-lg-2 gutters-col-v-md-2 gutters-col-v-2\">\n    <!---->\n    <div class=\"h-column h-column-container d-flex h-col-lg-auto h-col-md-auto h-col-auto style-409-outer style-local-216-c23-outer\">\n      <div data-colibri-id=\"216-c23\" class=\"d-flex h-flex-basis h-column__inner h-px-lg-2 h-px-md-2 h-px-2 v-inner-lg-2 v-inner-md-2 v-inner-2 style-409 style-local-216-c23 position-relative\">\n        <!---->\n        <!---->\n        <div class=\"w-100 h-y-container h-column__content h-column__v-align flex-basis-100 align-self-lg-start align-self-md-start align-self-start\">\n          <!---->\n          <div data-colibri-id=\"216-c24\" class=\"h-text h-text-component style-410 style-local-216-c24 position-relative h-element\">\n            <!---->\n            <!---->\n            <div class=\"\">\n              <p>S\u00e9ances \u00e0 mon cabinet sur Saint-Memmie, en salle ou bien \u00e0 domicile (suivant les communes, frais de d\u00e9placement \u00e0 pr\u00e9voir).\n                <br>Moyens de paiements accept\u00e9s : ch\u00e8que\/esp\u00e8ces<\/p>\n            <\/div>\n          <\/div>\n        <\/div>\n      <\/div>\n    <\/div>\n  <\/div>\n<\/div>\n<\/div>\n<\/div>\n<\/div>","protected":false},"excerpt":{"rendered":"<p>S\u00e9ance individuelle Vous avez un objectif pr\u00e9cis, un temps limit\u00e9 (examen, permis, &#8230;), optez pour une ouplusieurs s\u00e9ances en individuel. \u00e0 partir de 26 ans: 50\u20ac &#8211; de 26 ans: 35\u20ac Forfait 5 s\u00e9ances individuelles, 5\u00e8me s\u00e9ances offerte.(forfait d\u00e9clinable et applicable pour 10, 15 s\u00e9ances etc.) S\u00e9ances (en vue d&rsquo;un moment particulier : concours, permis, [&hellip;]<\/p>\n","protected":false},"author":1,"featured_media":0,"parent":0,"menu_order":0,"comment_status":"closed","ping_status":"closed","template":"page-templates\/full-width-page.php","meta":{"footnotes":""},"class_list":["post-216","page","type-page","status-publish","hentry"],"_links":{"self":[{"href":"https:\/\/sophrosoft.fr\/index.php\/wp-json\/wp\/v2\/pages\/216","targetHints":{"allow":["GET"]}}],"collection":[{"href":"https:\/\/sophrosoft.fr\/index.php\/wp-json\/wp\/v2\/pages"}],"about":[{"href":"https:\/\/sophrosoft.fr\/index.php\/wp-json\/wp\/v2\/types\/page"}],"author":[{"embeddable":true,"href":"https:\/\/sophrosoft.fr\/index.php\/wp-json\/wp\/v2\/users\/1"}],"replies":[{"embeddable":true,"href":"https:\/\/sophrosoft.fr\/index.php\/wp-json\/wp\/v2\/comments?post=216"}],"version-history":[{"count":11,"href":"https:\/\/sophrosoft.fr\/index.php\/wp-json\/wp\/v2\/pages\/216\/revisions"}],"predecessor-version":[{"id":616,"href":"https:\/\/sophrosoft.fr\/index.php\/wp-json\/wp\/v2\/pages\/216\/revisions\/616"}],"wp:attachment":[{"href":"https:\/\/sophrosoft.fr\/index.php\/wp-json\/wp\/v2\/media?parent=216"}],"curies":[{"name":"wp","href":"https:\/\/api.w.org\/{rel}","templated":true}]}}